{"id":2,"date":"2017-02-27T16:05:26","date_gmt":"2017-02-27T15:05:26","guid":{"rendered":"http:\/\/byflorab.com\/?page_id=2"},"modified":"2025-11-21T11:50:23","modified_gmt":"2025-11-21T10:50:23","slug":"page-d-exemple","status":"publish","type":"page","link":"https:\/\/byflorab.com\/index.php\/page-d-exemple\/","title":{"rendered":"\u00c0 propos"},"content":{"rendered":"<p class=\"para-style-body\">\n<p class=\"para-style-body\">Hello toi ! Et bienvenue par ici !<\/p>\n<p class=\"para-style-body\">Moi c&#8217;est Flora (@byflorab sur Instagram \ud83d\ude09). Mais qui suis-je ? Pourquoi ce blog ? Et que tu trouveras-tu ici ?<\/p>\n<p class=\"para-style-body\">Professeure des \u00e9coles, adepte du &#8220;fait maison&#8221;, gourmande, incorrigible grignoteuse et passionn\u00e9e de cuisine et de p\u00e2tisserie, je m&#8217;efforce depuis quelques ann\u00e9es \u00e0 trouver comment me faire plaisir avec des gourmandises qui ne me voudraient aucun mal. J&#8217;ai donc commenc\u00e9 \u00e0 cr\u00e9er mes propres recettes et en ai fait une v\u00e9ritable passion.<\/p>\n<p class=\"para-style-body\">Quand on aime le sucre et les grignotages, qu&#8217;on aime manger tout simplement et que c&#8217;est un r\u00e9el plaisir, il faut trouver des alternatives. Le &#8220;bien manger&#8221; et le &#8220;manger mieux&#8221; sont essentiels pour moi. Je souhaite pouvoir me faire plaisir et rester gourmande sans faire mal \u00e0 ce corps qui nous accompagne tout au long de notre vie&#8230; et je dirai m\u00eame : en lui faisant du bien ! (Y compris en passant par le moral.) Pour \u00e7a, rien de tel que le &#8220;fait maison&#8221; avec lequel on sait exactement ce que contient ce qu&#8217;on avale.<\/p>\n<p>Je suis aussi naturellement flexitarienne. (&#8220;Qu&#8217;est-ce que c&#8217;est que \u00e7a encore !?&#8221; Je t&#8217;entends&#8230;\ud83d\ude05). Eh bien je mange de tout sans me priver de rien, en suivant mes envies et en conscience. J&#8217;allie qualit\u00e9, diversit\u00e9, plaisir et \u00e9quilibre dans mon alimentation. Je mange aussi bien des produits d&#8217;origine animale que d&#8217;origine v\u00e9g\u00e9tale (mais plus d&#8217;origine v\u00e9g\u00e9tale quand m\u00eame je dois dire).<\/p>\n<p>Tu trouveras donc ici quelques id\u00e9es et recettes sal\u00e9es saines et souvent \u00e9conomiques (un autre point important pour moi), un peu de p\u00e2tisserie classique, mais surtout des recettes sucr\u00e9es tr\u00e8s souvent sans gluten et sans lactose, parfois m\u00eame v\u00e9g\u00e9tales, le tout r\u00e9alis\u00e9 dans mon petit laboratoire, qui n&#8217;est ni plus ni moins que ma mini cuisine !<\/p>\n<p>Pour moi, cuisiner, p\u00e2tisser, c&#8217;est avant-tout partager. J&#8217;ai donc commenc\u00e9 \u00e0 partager mes recettes et ma passion sur Instagram @byflorab (o\u00f9 tu trouveras bien plus de recettes que par ici car j&#8217;y suis tout simplement plus active) en 2016. Puis l&#8217;ouverture de mon blog en 2017 est arriv\u00e9e comme une \u00e9vidence, voyant pour mon plus grand plaisir que mes cr\u00e9ations \u00e9taient accueillies avec beaucoup d&#8217;enthousiasme et de bienveillance.<\/p>\n<p>Il faut dire que les clich\u00e9s ont parfois la vie dure, et concernant l&#8217;alimentation &#8220;sans&#8221; c&#8217;est plus que vrai ! \u00c9tant passionn\u00e9e de P\u00e2tisserie avec un grand &#8220;P&#8221;, je mets un point d&#8217;honneur \u00e0 ce que go\u00fbt, visuel et texture soient au rendez-vous dans mes cr\u00e9ations. Et j&#8217;esp\u00e8re d\u00e9montrer combien ces trois-l\u00e0, peuvent d\u00e9finitivement briser ces fausses id\u00e9es que l&#8217;on se fait.<\/p>\n<p class=\"para-style-body\">Encore un peu de clich\u00e9s ? Le prix, et la difficult\u00e9 de r\u00e9alisation. J&#8217;ai fait le choix de cr\u00e9er des recettes accessibles \u00e0 tous financi\u00e8rement et techniquement parlant, abordables quel que soit ton niveau en p\u00e2tisserie ou en cuisine (tu trouveras m\u00eame beaucoup de petites recettes tr\u00e8s rapides en plus d&#8217;\u00eatre un jeu d&#8217;enfant \u00e0 r\u00e9aliser). Pour cela j&#8217;essaie d&#8217;utiliser les farines et autres ingr\u00e9dients bruts les moins on\u00e9reux possible car mon projet est simple : faire prendre conscience que &#8220;manger mieux&#8221; et &#8220;fait maison&#8221; sans se ruiner, c&#8217;est possible. Et aussi mais surtout, permettre et donner envie de s&#8217;y mettre (et avec le sourire \ud83d\ude01) en partageant ma passion qui se r\u00e9sume en une phrase : pouvoir faire appel \u00e0 ma cr\u00e9ativit\u00e9 et ainsi partager et susciter une \u00e9motion \u2764\ufe0f.<\/p>\n<p>Belle visite ! J&#8217;esp\u00e8re que tu trouveras ton bonheur de gourmand(e) \ud83d\ude0d<\/p>\n","protected":false},"excerpt":{"rendered":"<p>Hello toi ! Et bienvenue par ici ! Moi c&#8217;est Flora (@byflorab sur Instagram \ud83d\ude09). Mais qui suis-je ? Pourquoi ce blog ? Et que tu trouveras-tu ici ? Professeure des \u00e9coles, adepte du &#8220;fait maison&#8221;, gourmande, incorrigible grignoteuse et passionn\u00e9e de cuisine et de&nbsp;<a class=\"read-more\" href=\"https:\/\/byflorab.com\/index.php\/page-d-exemple\/\">&hellip;<\/a><\/p>\n","protected":false},"author":1,"featured_media":3149,"parent":0,"menu_order":0,"comment_status":"closed","ping_status":"open","template":"","meta":{"sfsi_plus_gutenberg_text_before_share":"","sfsi_plus_gutenberg_show_text_before_share":"","sfsi_plus_gutenberg_icon_type":"","sfsi_plus_gutenberg_icon_alignemt":"","sfsi_plus_gutenburg_max_per_row":""},"_links":{"self":[{"href":"https:\/\/byflorab.com\/index.php\/wp-json\/wp\/v2\/pages\/2"}],"collection":[{"href":"https:\/\/byflorab.com\/index.php\/wp-json\/wp\/v2\/pages"}],"about":[{"href":"https:\/\/byflorab.com\/index.php\/wp-json\/wp\/v2\/types\/page"}],"author":[{"embeddable":true,"href":"https:\/\/byflorab.com\/index.php\/wp-json\/wp\/v2\/users\/1"}],"replies":[{"embeddable":true,"href":"https:\/\/byflorab.com\/index.php\/wp-json\/wp\/v2\/comments?post=2"}],"version-history":[{"count":22,"href":"https:\/\/byflorab.com\/index.php\/wp-json\/wp\/v2\/pages\/2\/revisions"}],"predecessor-version":[{"id":4395,"href":"https:\/\/byflorab.com\/index.php\/wp-json\/wp\/v2\/pages\/2\/revisions\/4395"}],"wp:featuredmedia":[{"embeddable":true,"href":"https:\/\/byflorab.com\/index.php\/wp-json\/wp\/v2\/media\/3149"}],"wp:attachment":[{"href":"https:\/\/byflorab.com\/index.php\/wp-json\/wp\/v2\/media?parent=2"}],"curies":[{"name":"wp","href":"https:\/\/api.w.org\/{rel}","templated":true}]}}